{"id":3233,"date":"2021-06-17T20:19:12","date_gmt":"2021-06-17T18:19:12","guid":{"rendered":"https:\/\/www.saci-technology.com\/?page_id=3233"},"modified":"2021-07-01T13:30:30","modified_gmt":"2021-07-01T11:30:30","slug":"legal-notice-and-privacy-policy","status":"publish","type":"page","link":"https:\/\/www.saci-technology.com\/index.php\/en\/legal-notice-and-privacy-policy\/","title":{"rendered":"Legal notice and privacy policy"},"content":{"rendered":"<p>[et_pb_section fb_built=\u00a0\u00bb1&Prime; admin_label=\u00a0\u00bbsection\u00a0\u00bb _builder_version=\u00a0\u00bb3.22&Prime;][et_pb_row admin_label=\u00a0\u00bbrow\u00a0\u00bb _builder_version=\u00a0\u00bb3.25&Prime; background_size=\u00a0\u00bbinitial\u00a0\u00bb background_position=\u00a0\u00bbtop_left\u00a0\u00bb background_repeat=\u00a0\u00bbrepeat\u00a0\u00bb][et_pb_column type=\u00a0\u00bb4_4&Prime; _builder_version=\u00a0\u00bb3.25&Prime; custom_padding=\u00a0\u00bb|||\u00a0\u00bb custom_padding__hover=\u00a0\u00bb|||\u00a0\u00bb][et_pb_text admin_label=\u00a0\u00bbText\u00a0\u00bb _builder_version=\u00a0\u00bb4.9.6&Prime; background_size=\u00a0\u00bbinitial\u00a0\u00bb background_position=\u00a0\u00bbtop_left\u00a0\u00bb background_repeat=\u00a0\u00bbrepeat\u00a0\u00bb hover_enabled=\u00a0\u00bb0&Prime; sticky_enabled=\u00a0\u00bb0&Prime;]<\/p>\n<p><b>1 &#8211; Publishing the site<span class=\"Apple-converted-space\">\u00a0<\/span><\/b><\/p>\n<p><span>Pursuant <\/span>to Article 6 of Law No. 2004-575 of 21 June 2004 on confidence in the digital economy, users of the website www.saci-technology.com are informed of the identity of the various <span>parties <\/span>involved in its creation and monitoring:<span class=\"Apple-converted-space\">\u00a0<\/span><\/p>\n<p><span>Owner of the site<\/span>: SACI &#8211; Contact: contact@saci-technology.com +33 (0) 327739607 &#8211; Address: 15, rue du Grand Champs<br \/>59554 RAILLENCOURT-SAINTE-OLLE.<br \/>Company identification: SAS SACI with a share capital of \u20ac500,000.00 &#8211; SIREN: 532507753 &#8211; RCS or RM: Douai B 532 507 753 &#8211; Postal address: 15, rue du Grand Champs &#8211; 59554 RAILLENCOURT-SAINTE-OLLE. https:\/\/saci- technology.com\/cgv<span class=\"Apple-converted-space\">\u00a0<\/span><\/p>\n<p>An anonymised <span>string <\/span>created from your email address (also <span>known as <\/span>a hash) may be sent to the Gravatar service to check whether you are using it. <span>The privacy policy of the Gravatar service <\/span>is available here: https:\/\/Automattic.com\/privacy\/. After validation of your comment, your profile picture will be publicly visible next to your comment.<br \/>Director of the publication: Mr. Bernard MARISSAL &#8211; Contact: 0327739607. Host: OVH SAS &#8211; 2 rue Kellermann &#8211; BP 80157 &#8211; 59053 Roubaix Cedex 1 &#8211; Telephone: 1007<br \/>Data Protection Officer: Mr Bernard MARISSAL &#8211; contact@saci- technology.com<br \/>Other contributors: Webmaster: EPICUREO-ONLINE : <span>https:\/\/epicureo- online.com\/ <\/span><\/p>\n<p><b>2 &#8211; Intellectual property and counterfeiting<span class=\"Apple-converted-space\">\u00a0<\/span><\/b><\/p>\n<p>SACI <span>is the owner of <\/span>the intellectual property rights and holds the <span>rights of use <\/span>on all the elements accessible on the website, in particular <span>the <\/span>texts, images, graphics, logos, videos, architecture, icons and sounds.<br \/>Any reproduction, representation, modification, publication, adaptation of all or part of the elements of the site, whatever the means or the process used, is prohibited, except with the prior written permission of SACI.<span class=\"Apple-converted-space\">\u00a0<\/span><\/p>\n<p>\u00a0Any unauthorised use of the site or of any of the elements it contains will be considered as constituting an infringement and will be prosecuted in accordance with the provisions of articles L.335-2 et seq. of the Intellectual Property Code.<span class=\"Apple-converted-space\">\u00a0<\/span><\/p>\n<p>The employees and managers of SACI-TECHNOLOGY whose image is used on this Site agreed to the use of these iconographic documents within the framework of the Site and only within this framework.<br \/>No reproduction, representation or <span>unspecified use <\/span>of these photographs and films can be made by the users of the Site without the preliminary written agreement of SACI-TECHNOLOGY. Any use, even partial of these documents, in violation of the aforementioned obligation, exposes its author to legal proceedings.<span class=\"Apple-converted-space\">\u00a0<\/span><\/p>\n<p><b>3 &#8211; Limitations of liability<span class=\"Apple-converted-space\">\u00a0<\/span><\/b><\/p>\n<p>SACI cannot be held responsible for <span>any <\/span>direct or indirect damage caused to the user&rsquo;s equipment when accessing the site www.saci-technology.com. SACI declines all responsibility for the use that <span>could be made <\/span>of the information and content present on www.saci-technology.com.<span class=\"Apple-converted-space\">\u00a0<\/span><\/p>\n<p>SACI undertakes to secure the site www.saci-technology.com as well as possible, however its responsibility cannot be called into question if undesirable data are imported and installed on its site without its knowledge.<span class=\"Apple-converted-space\">\u00a0<\/span><\/p>\n<p>SACI reserves the right to <span>delete<\/span>, without prior notice, any content posted in this area that contravenes the legislation applicable in France, in particular the provisions relating to data protection.<br \/><span>If necessary<\/span>, SACI also reserves the possibility of calling into question the civil and\/or criminal liability of the user, in particular in the event of messages of a racist, insulting, defamatory or pornographic nature, whatever the medium used (text, photographs, etc.).<span class=\"Apple-converted-space\">\u00a0<\/span><\/p>\n<p><b>4 &#8211; CNIL and personal data management<span class=\"Apple-converted-space\">\u00a0<\/span><\/b><\/p>\n<p>In accordance with the provisions of Law 78-17 of 6 January 1978 as amended, the user of the www.saci-technology.com website has the right to access, modify and delete information collected.<br \/>To exercise this right, send a message to our Data Protection Officer: Mr Bernard MARISSAL &#8211; contact@saci-technology.com.<br \/>It is also possible to file a complaint with the CNIL.<span class=\"Apple-converted-space\">\u00a0<\/span><\/p>\n<p><b>5 &#8211; Hypertext links and cookies<span class=\"Apple-converted-space\">\u00a0<\/span><\/b><\/p>\n<p>The <span>www.saci-technology.com website <\/span>contains hypertext links to other websites and <span>does not accept <\/span>any responsibility for these external links or for links created by other websites to www.saci-technology.com. Browsing the www.saci-technology.com website may cause cookies to be installed on the user&rsquo;s computer.<span class=\"Apple-converted-space\">\u00a0<\/span><\/p>\n<p>A \u00ab\u00a0cookie\u00a0\u00bb is a small file that records information about a user&rsquo;s <span>browsing <\/span>on a site. The data thus obtained makes it possible to obtain measurements of attendance, for example.<br \/>You can accept or refuse cookies by changing the settings on your browser. No cookies will be deposited without your consent.<span class=\"Apple-converted-space\">\u00a0<\/span><\/p>\n<p>Cookies are stored for a maximum of 12 months.<br \/>By editing or publishing a publication, an additional cookie will be stored in your browser. This cookie will not contain any personal data. It simply indicates the ID of the publication you just edited. It expires after one day. When you log in, we will set a number of cookies to store your login information and screen preferences. The lifetime of a login cookie is two days, the lifetime of a screen preference cookie is one year. If you log out of your account, the login cookie will be deleted.<span class=\"Apple-converted-space\">\u00a0<\/span><\/p>\n<p><b>6 &#8211; <\/b><span><b>Embedded content <\/b><\/span><b>from other sites<span class=\"Apple-converted-space\">\u00a0<\/span><\/b><\/p>\n<p>The Articles on this site may include embedded content (e.g. videos, images, articles&#8230;). <span>Embedded content <\/span>from other sites behaves in the same way as if the visitor was visiting that other site.<span class=\"Apple-converted-space\">\u00a0<\/span><\/p>\n<p>These websites may collect data about you, use cookies, embed third party tracking tools, track your interactions with these embedded contents if you have an account connected to their website.<span class=\"Apple-converted-space\">\u00a0<\/span><\/p>\n<p><b>7 &#8211; Use and transmission of your personal data<span class=\"Apple-converted-space\">\u00a0<\/span><\/b><\/p>\n<p>If you request a password reset, your IP address will be included in the reset email.<span class=\"Apple-converted-space\">\u00a0<\/span><\/p>\n<p><b>8 &#8211; How long your data is stored<span class=\"Apple-converted-space\">\u00a0<\/span><\/b><\/p>\n<p>If you leave a comment, the comment and its metadata are <span>stored <\/span>indefinitely. This allows us to <span>automatically <\/span>recognize and approve subsequent comments instead of leaving them in the moderation queue. For accounts that register on our site (if any), we also store the personal data specified in their profile. All accounts can view, edit, or delete their personal information at any time (except for their user ID). Site managers may also view and modify this information.<span class=\"Apple-converted-space\">\u00a0<\/span><\/p>\n<p><b>9 \u2013 The rights you have over your data<span class=\"Apple-converted-space\">\u00a0<\/span><\/b><\/p>\n<p>If you have an account or have left comments on the site, you can request to receive a file containing all the personal data we hold about you, including that which you have provided to us. You can also request the deletion of your personal data. This does not <span>include <\/span>data stored for administrative, legal or security <span>purposes<\/span>.<span class=\"Apple-converted-space\">\u00a0<\/span><\/p>\n<p><b>10 &#8211; Transmission of your personal data<span class=\"Apple-converted-space\">\u00a0<\/span><\/b><\/p>\n<p>The <span>comments of visitors <\/span>may be <span>checked <\/span>with an automated service for detecting undesirable comments.<span class=\"Apple-converted-space\">\u00a0<\/span><\/p>\n<p><b>11 &#8211; Applicable law and jurisdiction<span class=\"Apple-converted-space\">\u00a0<\/span><\/b><\/p>\n<p>Any dispute relating to the use of the www.saci-technology.com website is subject to French law. Except in cases where the law does not allow it, the competent courts of DOUAI have exclusive jurisdiction.<span class=\"Apple-converted-space\">\u00a0<\/span><\/p>\n<p>[\/et_pb_text][\/et_pb_column][\/et_pb_row][\/et_pb_section]<\/p>\n","protected":false},"excerpt":{"rendered":"<p>1 &#8211; Publishing the site\u00a0 Pursuant to Article 6 of Law No. 2004-575 of 21 June 2004 on confidence in the digital economy, users of the website www.saci-technology.com are informed of the identity of the various parties involved in its creation and monitoring:\u00a0 Owner of the site: SACI &#8211; Contact: contact@saci-technology.com +33 (0) 327739607 &#8211; [&hellip;]<\/p>\n","protected":false},"author":1,"featured_media":0,"parent":0,"menu_order":0,"comment_status":"closed","ping_status":"closed","template":"","meta":{"_et_pb_use_builder":"on","_et_pb_old_content":"","_et_gb_content_width":"","_monsterinsights_skip_tracking":false,"_monsterinsights_sitenote_active":false,"_monsterinsights_sitenote_note":"","_monsterinsights_sitenote_category":0,"footnotes":""},"class_list":["post-3233","page","type-page","status-publish","hentry"],"yoast_head":"<!-- This site is optimized with the Yoast SEO plugin v27.4 - https:\/\/yoast.com\/product\/yoast-seo-wordpress\/ -->\n<title>Legal notice and privacy policy - SACI-TECHNOLOGY<\/title>\n<meta name=\"description\" content=\"SACY TECHNOLOGY - Mentions l\u00e9gales et politique de confidentialit\u00e9. Ing\u00e9nierie industrielle \u00e0 Raillencourt-Sainte-Olle. Hauts-de-France\" \/>\n<meta name=\"robots\" content=\"index, follow, max-snippet:-1, max-image-preview:large, max-video-preview:-1\" \/>\n<link rel=\"canonical\" href=\"https:\/\/www.saci-technology.com\/index.php\/en\/legal-notice-and-privacy-policy\/\" \/>\n<meta property=\"og:locale\" content=\"fr_FR\" \/>\n<meta property=\"og:type\" content=\"article\" \/>\n<meta property=\"og:title\" content=\"Legal notice and privacy policy - SACI-TECHNOLOGY\" \/>\n<meta property=\"og:description\" content=\"SACY TECHNOLOGY - Mentions l\u00e9gales et politique de confidentialit\u00e9. Ing\u00e9nierie industrielle \u00e0 Raillencourt-Sainte-Olle. Hauts-de-France\" \/>\n<meta property=\"og:url\" content=\"https:\/\/www.saci-technology.com\/index.php\/en\/legal-notice-and-privacy-policy\/\" \/>\n<meta property=\"og:site_name\" content=\"SACI-TECHNOLOGY\" \/>\n<meta property=\"article:modified_time\" content=\"2021-07-01T11:30:30+00:00\" \/>\n<meta property=\"og:image\" content=\"https:\/\/i0.wp.com\/www.saci-technology.com\/wp-content\/uploads\/2021\/06\/contact-saci-1-1.png?fit=748%2C696&ssl=1\" \/>\n\t<meta property=\"og:image:width\" content=\"748\" \/>\n\t<meta property=\"og:image:height\" content=\"696\" \/>\n\t<meta property=\"og:image:type\" content=\"image\/png\" \/>\n<meta name=\"twitter:card\" content=\"summary_large_image\" \/>\n<script type=\"application\/ld+json\" class=\"yoast-schema-graph\">{\"@context\":\"https:\\\/\\\/schema.org\",\"@graph\":[{\"@type\":\"WebPage\",\"@id\":\"https:\\\/\\\/www.saci-technology.com\\\/index.php\\\/en\\\/legal-notice-and-privacy-policy\\\/\",\"url\":\"https:\\\/\\\/www.saci-technology.com\\\/index.php\\\/en\\\/legal-notice-and-privacy-policy\\\/\",\"name\":\"Legal notice and privacy policy - SACI-TECHNOLOGY\",\"isPartOf\":{\"@id\":\"https:\\\/\\\/www.saci-technology.com\\\/#website\"},\"datePublished\":\"2021-06-17T18:19:12+00:00\",\"dateModified\":\"2021-07-01T11:30:30+00:00\",\"description\":\"SACY TECHNOLOGY - Mentions l\u00e9gales et politique de confidentialit\u00e9. Ing\u00e9nierie industrielle \u00e0 Raillencourt-Sainte-Olle. Hauts-de-France\",\"breadcrumb\":{\"@id\":\"https:\\\/\\\/www.saci-technology.com\\\/index.php\\\/en\\\/legal-notice-and-privacy-policy\\\/#breadcrumb\"},\"inLanguage\":\"fr-FR\",\"potentialAction\":[{\"@type\":\"ReadAction\",\"target\":[\"https:\\\/\\\/www.saci-technology.com\\\/index.php\\\/en\\\/legal-notice-and-privacy-policy\\\/\"]}]},{\"@type\":\"BreadcrumbList\",\"@id\":\"https:\\\/\\\/www.saci-technology.com\\\/index.php\\\/en\\\/legal-notice-and-privacy-policy\\\/#breadcrumb\",\"itemListElement\":[{\"@type\":\"ListItem\",\"position\":1,\"name\":\"Accueil\",\"item\":\"https:\\\/\\\/www.saci-technology.com\\\/\"},{\"@type\":\"ListItem\",\"position\":2,\"name\":\"Legal notice and privacy policy\"}]},{\"@type\":\"WebSite\",\"@id\":\"https:\\\/\\\/www.saci-technology.com\\\/#website\",\"url\":\"https:\\\/\\\/www.saci-technology.com\\\/\",\"name\":\"SACI-TECHNOLOGY\",\"description\":\"\",\"potentialAction\":[{\"@type\":\"SearchAction\",\"target\":{\"@type\":\"EntryPoint\",\"urlTemplate\":\"https:\\\/\\\/www.saci-technology.com\\\/?s={search_term_string}\"},\"query-input\":{\"@type\":\"PropertyValueSpecification\",\"valueRequired\":true,\"valueName\":\"search_term_string\"}}],\"inLanguage\":\"fr-FR\"}]}<\/script>\n<!-- \/ Yoast SEO plugin. -->","yoast_head_json":{"title":"Legal notice and privacy policy - SACI-TECHNOLOGY","description":"SACY TECHNOLOGY - Mentions l\u00e9gales et politique de confidentialit\u00e9. Ing\u00e9nierie industrielle \u00e0 Raillencourt-Sainte-Olle. Hauts-de-France","robots":{"index":"index","follow":"follow","max-snippet":"max-snippet:-1","max-image-preview":"max-image-preview:large","max-video-preview":"max-video-preview:-1"},"canonical":"https:\/\/www.saci-technology.com\/index.php\/en\/legal-notice-and-privacy-policy\/","og_locale":"fr_FR","og_type":"article","og_title":"Legal notice and privacy policy - SACI-TECHNOLOGY","og_description":"SACY TECHNOLOGY - Mentions l\u00e9gales et politique de confidentialit\u00e9. Ing\u00e9nierie industrielle \u00e0 Raillencourt-Sainte-Olle. Hauts-de-France","og_url":"https:\/\/www.saci-technology.com\/index.php\/en\/legal-notice-and-privacy-policy\/","og_site_name":"SACI-TECHNOLOGY","article_modified_time":"2021-07-01T11:30:30+00:00","og_image":[{"width":748,"height":696,"url":"https:\/\/i0.wp.com\/www.saci-technology.com\/wp-content\/uploads\/2021\/06\/contact-saci-1-1.png?fit=748%2C696&ssl=1","type":"image\/png"}],"twitter_card":"summary_large_image","schema":{"@context":"https:\/\/schema.org","@graph":[{"@type":"WebPage","@id":"https:\/\/www.saci-technology.com\/index.php\/en\/legal-notice-and-privacy-policy\/","url":"https:\/\/www.saci-technology.com\/index.php\/en\/legal-notice-and-privacy-policy\/","name":"Legal notice and privacy policy - SACI-TECHNOLOGY","isPartOf":{"@id":"https:\/\/www.saci-technology.com\/#website"},"datePublished":"2021-06-17T18:19:12+00:00","dateModified":"2021-07-01T11:30:30+00:00","description":"SACY TECHNOLOGY - Mentions l\u00e9gales et politique de confidentialit\u00e9. Ing\u00e9nierie industrielle \u00e0 Raillencourt-Sainte-Olle. Hauts-de-France","breadcrumb":{"@id":"https:\/\/www.saci-technology.com\/index.php\/en\/legal-notice-and-privacy-policy\/#breadcrumb"},"inLanguage":"fr-FR","potentialAction":[{"@type":"ReadAction","target":["https:\/\/www.saci-technology.com\/index.php\/en\/legal-notice-and-privacy-policy\/"]}]},{"@type":"BreadcrumbList","@id":"https:\/\/www.saci-technology.com\/index.php\/en\/legal-notice-and-privacy-policy\/#breadcrumb","itemListElement":[{"@type":"ListItem","position":1,"name":"Accueil","item":"https:\/\/www.saci-technology.com\/"},{"@type":"ListItem","position":2,"name":"Legal notice and privacy policy"}]},{"@type":"WebSite","@id":"https:\/\/www.saci-technology.com\/#website","url":"https:\/\/www.saci-technology.com\/","name":"SACI-TECHNOLOGY","description":"","potentialAction":[{"@type":"SearchAction","target":{"@type":"EntryPoint","urlTemplate":"https:\/\/www.saci-technology.com\/?s={search_term_string}"},"query-input":{"@type":"PropertyValueSpecification","valueRequired":true,"valueName":"search_term_string"}}],"inLanguage":"fr-FR"}]}},"jetpack_sharing_enabled":true,"_links":{"self":[{"href":"https:\/\/www.saci-technology.com\/index.php\/wp-json\/wp\/v2\/pages\/3233","targetHints":{"allow":["GET"]}}],"collection":[{"href":"https:\/\/www.saci-technology.com\/index.php\/wp-json\/wp\/v2\/pages"}],"about":[{"href":"https:\/\/www.saci-technology.com\/index.php\/wp-json\/wp\/v2\/types\/page"}],"author":[{"embeddable":true,"href":"https:\/\/www.saci-technology.com\/index.php\/wp-json\/wp\/v2\/users\/1"}],"replies":[{"embeddable":true,"href":"https:\/\/www.saci-technology.com\/index.php\/wp-json\/wp\/v2\/comments?post=3233"}],"version-history":[{"count":0,"href":"https:\/\/www.saci-technology.com\/index.php\/wp-json\/wp\/v2\/pages\/3233\/revisions"}],"wp:attachment":[{"href":"https:\/\/www.saci-technology.com\/index.php\/wp-json\/wp\/v2\/media?parent=3233"}],"curies":[{"name":"wp","href":"https:\/\/api.w.org\/{rel}","templated":true}]}}