{"id":2735,"date":"2021-06-03T09:19:58","date_gmt":"2021-06-03T07:19:58","guid":{"rendered":"https:\/\/www.saci-technology.com\/?page_id=2735"},"modified":"2024-12-03T10:03:54","modified_gmt":"2024-12-03T09:03:54","slug":"2735-2","status":"publish","type":"page","link":"https:\/\/www.saci-technology.com\/index.php\/2735-2\/","title":{"rendered":"Notre pr\u00e9sence"},"content":{"rendered":"<p>[et_pb_section fb_built=\u00a0\u00bb1&Prime; fullwidth=\u00a0\u00bbon\u00a0\u00bb _builder_version=\u00a0\u00bb4.16&Prime; _module_preset=\u00a0\u00bbdefault\u00a0\u00bb global_colors_info=\u00a0\u00bb{}\u00a0\u00bb][et_pb_fullwidth_header title=\u00a0\u00bbNOTRE PR\u00c9SENCE\u00a0\u00bb content_tablet=\u00a0\u00bb<\/p>\n<h2><\/h2>\n<p><span class=%22theming-theme-light%22><\/span><\/p>\n<p style=%22font-size: 18px;%22>Notre pr\u00e9sence constante sur le terrain, dans les Hauts-de-France mais \u00e9galement sur l&rsquo;ensemble du territoire, nous permet de r\u00e9pondre \u00e0 vos projets de mani\u00e8re efficace et pertinente.<\/p>\n<p>\u00a0\u00bb content_phone=\u00a0\u00bb<\/p>\n<h2><\/h2>\n<p><span class=%22theming-theme-light%22><\/span><\/p>\n<p style=%22font-size: 18px;%22>Notre pr\u00e9sence constante sur le terrain, dans les Hauts-de-France mais \u00e9galement sur l&rsquo;ensemble du territoire, nous permet de r\u00e9pondre \u00e0 vos projets de mani\u00e8re efficace et pertinente.<\/p>\n<p>\u00a0\u00bb content_last_edited=\u00a0\u00bbon|phone\u00a0\u00bb _builder_version=\u00a0\u00bb4.16&Prime; _module_preset=\u00a0\u00bbdefault\u00a0\u00bb title_font=\u00a0\u00bbNasalization|700|||||||\u00a0\u00bb title_font_size=\u00a0\u00bb58px\u00a0\u00bb title_line_height=\u00a0\u00bb1.3em\u00a0\u00bb content_font=\u00a0\u00bbPoppins|600|||||||\u00a0\u00bb content_line_height=\u00a0\u00bb1.9em\u00a0\u00bb background_color=\u00a0\u00bbrgba(35,68,45,0.66)\u00a0\u00bb background_image=\u00a0\u00bbhttps:\/\/www.saci-technology.com\/wp-content\/uploads\/2021\/06\/pre\u0301sence-1280&#215;720-1.png\u00a0\u00bb background_blend=\u00a0\u00bbsoft-light\u00a0\u00bb custom_margin_tablet=\u00a0\u00bb\u00a0\u00bb custom_margin_phone=\u00a0\u00bb|||0px|false|false\u00a0\u00bb custom_margin_last_edited=\u00a0\u00bbon|phone\u00a0\u00bb custom_padding=\u00a0\u00bb187px||112px|||\u00a0\u00bb custom_padding_tablet=\u00a0\u00bb\u00a0\u00bb custom_padding_phone=\u00a0\u00bb186px|0px|112px|0px|false|false\u00a0\u00bb custom_padding_last_edited=\u00a0\u00bbon|phone\u00a0\u00bb title_text_align_tablet=\u00a0\u00bb\u00a0\u00bb title_text_align_phone=\u00a0\u00bbcenter\u00a0\u00bb title_text_align_last_edited=\u00a0\u00bbon|phone\u00a0\u00bb title_font_size_tablet=\u00a0\u00bb\u00a0\u00bb title_font_size_phone=\u00a0\u00bb47px\u00a0\u00bb title_font_size_last_edited=\u00a0\u00bbon|phone\u00a0\u00bb content_text_align_tablet=\u00a0\u00bbcenter\u00a0\u00bb content_text_align_phone=\u00a0\u00bbcenter\u00a0\u00bb content_text_align_last_edited=\u00a0\u00bbon|phone\u00a0\u00bb content_font_size_tablet=\u00a0\u00bb\u00a0\u00bb content_font_size_phone=\u00a0\u00bb12px\u00a0\u00bb content_font_size_last_edited=\u00a0\u00bbon|phone\u00a0\u00bb content_line_height_tablet=\u00a0\u00bb\u00a0\u00bb content_line_height_phone=\u00a0\u00bb2.1em\u00a0\u00bb content_line_height_last_edited=\u00a0\u00bbon|phone\u00a0\u00bb global_colors_info=\u00a0\u00bb{}\u00a0\u00bb]<\/p>\n<h2><\/h2>\n<p><span class=\"theming-theme-light\"><\/span><\/p>\n<p style=\"font-size: 18px;\">Notre pr\u00e9sence constante sur le terrain, dans les Hauts-de-France<br \/>mais \u00e9galement sur l&rsquo;ensemble du territoire,\u00a0nous permet de r\u00e9pondre<br \/>\u00e0 vos projets de mani\u00e8re efficace et pertinente.<\/p>\n<p>[\/et_pb_fullwidth_header][\/et_pb_section][et_pb_section fb_built=\u00a0\u00bb1&Prime; _builder_version=\u00a0\u00bb4.16&Prime; _module_preset=\u00a0\u00bbdefault\u00a0\u00bb background_color=\u00a0\u00bb#FFFFFF\u00a0\u00bb custom_padding=\u00a0\u00bb0px||0px|||\u00a0\u00bb bottom_divider_color=\u00a0\u00bb#545454&Prime; global_colors_info=\u00a0\u00bb{}\u00a0\u00bb][et_pb_row _builder_version=\u00a0\u00bb4.16&Prime; _module_preset=\u00a0\u00bbdefault\u00a0\u00bb background_color=\u00a0\u00bb#FFFFFF\u00a0\u00bb custom_padding=\u00a0\u00bb||0px|||\u00a0\u00bb global_colors_info=\u00a0\u00bb{}\u00a0\u00bb][et_pb_column type=\u00a0\u00bb4_4&Prime; _builder_version=\u00a0\u00bb4.16&Prime; _module_preset=\u00a0\u00bbdefault\u00a0\u00bb global_colors_info=\u00a0\u00bb{}\u00a0\u00bb][et_pb_image src=\u00a0\u00bbhttps:\/\/www.saci-technology.com\/wp-content\/uploads\/2024\/12\/CARTE-PRESENCE-SACI-1.jpg\u00a0\u00bb alt=\u00a0\u00bbPRESENCE SACI TECHNOLOGIE FRANCE ET BELGIQUE\u00a0\u00bb title_text=\u00a0\u00bbCARTE PRESENCE SACI (1)\u00a0\u00bb _builder_version=\u00a0\u00bb4.27.4&Prime; _module_preset=\u00a0\u00bbdefault\u00a0\u00bb custom_padding=\u00a0\u00bb0px|||||\u00a0\u00bb hover_enabled=\u00a0\u00bb0&Prime; global_colors_info=\u00a0\u00bb{}\u00a0\u00bb sticky_enabled=\u00a0\u00bb0&Prime; align=\u00a0\u00bbcenter\u00a0\u00bb][\/et_pb_image][et_pb_divider show_divider=\u00a0\u00bboff\u00a0\u00bb _builder_version=\u00a0\u00bb4.16&Prime; _module_preset=\u00a0\u00bbdefault\u00a0\u00bb min_height=\u00a0\u00bb3px\u00a0\u00bb global_colors_info=\u00a0\u00bb{}\u00a0\u00bb][\/et_pb_divider][\/et_pb_column][\/et_pb_row][\/et_pb_section][et_pb_section fb_built=\u00a0\u00bb1&Prime; custom_padding_last_edited=\u00a0\u00bbon|phone\u00a0\u00bb _builder_version=\u00a0\u00bb4.16&Prime; _module_preset=\u00a0\u00bbdefault\u00a0\u00bb custom_margin_tablet=\u00a0\u00bb\u00a0\u00bb custom_margin_phone=\u00a0\u00bb-44px||||false|false\u00a0\u00bb custom_margin_last_edited=\u00a0\u00bbon|phone\u00a0\u00bb custom_padding_tablet=\u00a0\u00bb\u00a0\u00bb custom_padding_phone=\u00a0\u00bb0px||||false|false\u00a0\u00bb bottom_divider_style=\u00a0\u00bbramp2&Prime; bottom_divider_color=\u00a0\u00bb#545454&Prime; global_colors_info=\u00a0\u00bb{}\u00a0\u00bb][et_pb_row _builder_version=\u00a0\u00bb4.16&Prime; _module_preset=\u00a0\u00bbdefault\u00a0\u00bb global_colors_info=\u00a0\u00bb{}\u00a0\u00bb][et_pb_column type=\u00a0\u00bb4_4&Prime; _builder_version=\u00a0\u00bb4.16&Prime; _module_preset=\u00a0\u00bbdefault\u00a0\u00bb global_colors_info=\u00a0\u00bb{}\u00a0\u00bb][et_pb_button button_url=\u00a0\u00bbhttps:\/\/www.saci-technology.com\/index.php\/contacto\/\u00a0\u00bb button_text=\u00a0\u00bbCONTACTEZ-NOUS\u00a0\u00bb button_alignment=\u00a0\u00bbcenter\u00a0\u00bb _builder_version=\u00a0\u00bb4.16&Prime; _module_preset=\u00a0\u00bbdefault\u00a0\u00bb custom_button=\u00a0\u00bbon\u00a0\u00bb button_text_size=\u00a0\u00bb19px\u00a0\u00bb button_text_color=\u00a0\u00bb#5CB2B0&Prime; button_border_color=\u00a0\u00bb#505050&Prime; button_border_radius=\u00a0\u00bb7px\u00a0\u00bb button_font=\u00a0\u00bbPoppins||||||||\u00a0\u00bb button_use_icon=\u00a0\u00bboff\u00a0\u00bb global_colors_info=\u00a0\u00bb{}\u00a0\u00bb][\/et_pb_button][\/et_pb_column][\/et_pb_row][\/et_pb_section]<\/p>\n","protected":false},"excerpt":{"rendered":"<p>Notre pr\u00e9sence constante sur le terrain, dans les Hauts-de-Francemais \u00e9galement sur l&rsquo;ensemble du territoire,\u00a0nous permet de r\u00e9pondre\u00e0 vos projets de mani\u00e8re efficace et pertinente.<\/p>\n","protected":false},"author":1,"featured_media":0,"parent":0,"menu_order":0,"comment_status":"closed","ping_status":"closed","template":"","meta":{"_et_pb_use_builder":"on","_et_pb_old_content":"","_et_gb_content_width":"","_monsterinsights_skip_tracking":false,"_monsterinsights_sitenote_active":false,"_monsterinsights_sitenote_note":"","_monsterinsights_sitenote_category":0,"footnotes":""},"class_list":["post-2735","page","type-page","status-publish","hentry"],"yoast_head":"<!-- This site is optimized with the Yoast SEO plugin v27.3 - https:\/\/yoast.com\/product\/yoast-seo-wordpress\/ -->\n<title>Saci Technology - Une pr\u00e9sence sur le territoire fran\u00e7ais et \u00e0 l&#039;international<\/title>\n<meta name=\"description\" content=\"Notre pr\u00e9sence constante sur le terrain, dans les Hauts-de-France mais \u00e9galement sur l&#039;ensemble du territoire,\u00a0nous permet de r\u00e9pondre \u00e0 vos projets de mani\u00e8re efficace et pertinente.\" \/>\n<meta name=\"robots\" content=\"index, follow, max-snippet:-1, max-image-preview:large, max-video-preview:-1\" \/>\n<link rel=\"canonical\" href=\"https:\/\/www.saci-technology.com\/index.php\/2735-2\/\" \/>\n<meta property=\"og:locale\" content=\"fr_FR\" \/>\n<meta property=\"og:type\" content=\"article\" \/>\n<meta property=\"og:title\" content=\"Saci Technology - Une pr\u00e9sence sur le territoire fran\u00e7ais et \u00e0 l&#039;international\" \/>\n<meta property=\"og:description\" content=\"Notre pr\u00e9sence constante sur le terrain, dans les Hauts-de-France mais \u00e9galement sur l&#039;ensemble du territoire,\u00a0nous permet de r\u00e9pondre \u00e0 vos projets de mani\u00e8re efficace et pertinente.\" \/>\n<meta property=\"og:url\" content=\"https:\/\/www.saci-technology.com\/index.php\/2735-2\/\" \/>\n<meta property=\"og:site_name\" content=\"SACI-TECHNOLOGY\" \/>\n<meta property=\"article:modified_time\" content=\"2024-12-03T09:03:54+00:00\" \/>\n<meta property=\"og:image\" content=\"https:\/\/i0.wp.com\/www.saci-technology.com\/wp-content\/uploads\/2021\/06\/contact-saci-1-1.png?fit=748%2C696&ssl=1\" \/>\n\t<meta property=\"og:image:width\" content=\"748\" \/>\n\t<meta property=\"og:image:height\" content=\"696\" \/>\n\t<meta property=\"og:image:type\" content=\"image\/png\" \/>\n<meta name=\"twitter:card\" content=\"summary_large_image\" \/>\n<meta name=\"twitter:label1\" content=\"Dur\u00e9e de lecture estim\u00e9e\" \/>\n\t<meta name=\"twitter:data1\" content=\"1 minute\" \/>\n<script type=\"application\/ld+json\" class=\"yoast-schema-graph\">{\"@context\":\"https:\\\/\\\/schema.org\",\"@graph\":[{\"@type\":\"WebPage\",\"@id\":\"https:\\\/\\\/www.saci-technology.com\\\/index.php\\\/2735-2\\\/\",\"url\":\"https:\\\/\\\/www.saci-technology.com\\\/index.php\\\/2735-2\\\/\",\"name\":\"Saci Technology - Une pr\u00e9sence sur le territoire fran\u00e7ais et \u00e0 l'international\",\"isPartOf\":{\"@id\":\"https:\\\/\\\/www.saci-technology.com\\\/#website\"},\"datePublished\":\"2021-06-03T07:19:58+00:00\",\"dateModified\":\"2024-12-03T09:03:54+00:00\",\"description\":\"Notre pr\u00e9sence constante sur le terrain, dans les Hauts-de-France mais \u00e9galement sur l'ensemble du territoire,\u00a0nous permet de r\u00e9pondre \u00e0 vos projets de mani\u00e8re efficace et pertinente.\",\"breadcrumb\":{\"@id\":\"https:\\\/\\\/www.saci-technology.com\\\/index.php\\\/2735-2\\\/#breadcrumb\"},\"inLanguage\":\"fr-FR\",\"potentialAction\":[{\"@type\":\"ReadAction\",\"target\":[\"https:\\\/\\\/www.saci-technology.com\\\/index.php\\\/2735-2\\\/\"]}]},{\"@type\":\"BreadcrumbList\",\"@id\":\"https:\\\/\\\/www.saci-technology.com\\\/index.php\\\/2735-2\\\/#breadcrumb\",\"itemListElement\":[{\"@type\":\"ListItem\",\"position\":1,\"name\":\"Accueil\",\"item\":\"https:\\\/\\\/www.saci-technology.com\\\/\"},{\"@type\":\"ListItem\",\"position\":2,\"name\":\"Notre pr\u00e9sence\"}]},{\"@type\":\"WebSite\",\"@id\":\"https:\\\/\\\/www.saci-technology.com\\\/#website\",\"url\":\"https:\\\/\\\/www.saci-technology.com\\\/\",\"name\":\"SACI-TECHNOLOGY\",\"description\":\"\",\"potentialAction\":[{\"@type\":\"SearchAction\",\"target\":{\"@type\":\"EntryPoint\",\"urlTemplate\":\"https:\\\/\\\/www.saci-technology.com\\\/?s={search_term_string}\"},\"query-input\":{\"@type\":\"PropertyValueSpecification\",\"valueRequired\":true,\"valueName\":\"search_term_string\"}}],\"inLanguage\":\"fr-FR\"}]}<\/script>\n<!-- \/ Yoast SEO plugin. -->","yoast_head_json":{"title":"Saci Technology - Une pr\u00e9sence sur le territoire fran\u00e7ais et \u00e0 l'international","description":"Notre pr\u00e9sence constante sur le terrain, dans les Hauts-de-France mais \u00e9galement sur l'ensemble du territoire,\u00a0nous permet de r\u00e9pondre \u00e0 vos projets de mani\u00e8re efficace et pertinente.","robots":{"index":"index","follow":"follow","max-snippet":"max-snippet:-1","max-image-preview":"max-image-preview:large","max-video-preview":"max-video-preview:-1"},"canonical":"https:\/\/www.saci-technology.com\/index.php\/2735-2\/","og_locale":"fr_FR","og_type":"article","og_title":"Saci Technology - Une pr\u00e9sence sur le territoire fran\u00e7ais et \u00e0 l'international","og_description":"Notre pr\u00e9sence constante sur le terrain, dans les Hauts-de-France mais \u00e9galement sur l'ensemble du territoire,\u00a0nous permet de r\u00e9pondre \u00e0 vos projets de mani\u00e8re efficace et pertinente.","og_url":"https:\/\/www.saci-technology.com\/index.php\/2735-2\/","og_site_name":"SACI-TECHNOLOGY","article_modified_time":"2024-12-03T09:03:54+00:00","og_image":[{"width":748,"height":696,"url":"https:\/\/i0.wp.com\/www.saci-technology.com\/wp-content\/uploads\/2021\/06\/contact-saci-1-1.png?fit=748%2C696&ssl=1","type":"image\/png"}],"twitter_card":"summary_large_image","twitter_misc":{"Dur\u00e9e de lecture estim\u00e9e":"1 minute"},"schema":{"@context":"https:\/\/schema.org","@graph":[{"@type":"WebPage","@id":"https:\/\/www.saci-technology.com\/index.php\/2735-2\/","url":"https:\/\/www.saci-technology.com\/index.php\/2735-2\/","name":"Saci Technology - Une pr\u00e9sence sur le territoire fran\u00e7ais et \u00e0 l'international","isPartOf":{"@id":"https:\/\/www.saci-technology.com\/#website"},"datePublished":"2021-06-03T07:19:58+00:00","dateModified":"2024-12-03T09:03:54+00:00","description":"Notre pr\u00e9sence constante sur le terrain, dans les Hauts-de-France mais \u00e9galement sur l'ensemble du territoire,\u00a0nous permet de r\u00e9pondre \u00e0 vos projets de mani\u00e8re efficace et pertinente.","breadcrumb":{"@id":"https:\/\/www.saci-technology.com\/index.php\/2735-2\/#breadcrumb"},"inLanguage":"fr-FR","potentialAction":[{"@type":"ReadAction","target":["https:\/\/www.saci-technology.com\/index.php\/2735-2\/"]}]},{"@type":"BreadcrumbList","@id":"https:\/\/www.saci-technology.com\/index.php\/2735-2\/#breadcrumb","itemListElement":[{"@type":"ListItem","position":1,"name":"Accueil","item":"https:\/\/www.saci-technology.com\/"},{"@type":"ListItem","position":2,"name":"Notre pr\u00e9sence"}]},{"@type":"WebSite","@id":"https:\/\/www.saci-technology.com\/#website","url":"https:\/\/www.saci-technology.com\/","name":"SACI-TECHNOLOGY","description":"","potentialAction":[{"@type":"SearchAction","target":{"@type":"EntryPoint","urlTemplate":"https:\/\/www.saci-technology.com\/?s={search_term_string}"},"query-input":{"@type":"PropertyValueSpecification","valueRequired":true,"valueName":"search_term_string"}}],"inLanguage":"fr-FR"}]}},"jetpack_sharing_enabled":true,"_links":{"self":[{"href":"https:\/\/www.saci-technology.com\/index.php\/wp-json\/wp\/v2\/pages\/2735","targetHints":{"allow":["GET"]}}],"collection":[{"href":"https:\/\/www.saci-technology.com\/index.php\/wp-json\/wp\/v2\/pages"}],"about":[{"href":"https:\/\/www.saci-technology.com\/index.php\/wp-json\/wp\/v2\/types\/page"}],"author":[{"embeddable":true,"href":"https:\/\/www.saci-technology.com\/index.php\/wp-json\/wp\/v2\/users\/1"}],"replies":[{"embeddable":true,"href":"https:\/\/www.saci-technology.com\/index.php\/wp-json\/wp\/v2\/comments?post=2735"}],"version-history":[{"count":0,"href":"https:\/\/www.saci-technology.com\/index.php\/wp-json\/wp\/v2\/pages\/2735\/revisions"}],"wp:attachment":[{"href":"https:\/\/www.saci-technology.com\/index.php\/wp-json\/wp\/v2\/media?parent=2735"}],"curies":[{"name":"wp","href":"https:\/\/api.w.org\/{rel}","templated":true}]}}